{"id":26,"date":"2026-02-24T13:53:10","date_gmt":"2026-02-24T12:53:10","guid":{"rendered":"https:\/\/neuro-physio.eu.sk\/?page_id=26"},"modified":"2026-02-27T09:28:10","modified_gmt":"2026-02-27T08:28:10","slug":"objednanie","status":"publish","type":"page","link":"https:\/\/neuro-physio.eu.sk\/en\/objednanie","title":{"rendered":"Book an appointment"},"content":{"rendered":"<div class=\"et_pb_section_0 et_pb_section et_section_regular et_flex_section bodkovane-pozadie\">\n<div class=\"et_pb_row_0 et_pb_row et_flex_row\">\n<div class=\"et_pb_column_0 et_pb_column et-last-child et_flex_column et_pb_css_mix_blend_mode_passthrough et_flex_column_24_24 et_flex_column_24_24_tablet et_flex_column_24_24_phone\">\n<div class=\"et_pb_text_0 et_pb_text et_pb_bg_layout_light et_pb_module et_flex_module\"><div class=\"et_pb_text_inner\"><p><span>Arrange a meeting<\/span><\/p>\n<\/div>\n<div class=\"et_pb_text_1 et_pb_text et_pb_bg_layout_light et_pb_module et_flex_module\"><div class=\"et_pb_text_inner\"><h1>Online appointment<\/h1>\n<\/div><\/div>\n<\/div>\n<\/div>\n<\/div>\n<\/div>\n\n<div class=\"et_pb_section_1 et_pb_section et_section_regular et_flex_section moje-sluzby\">\n<div class=\"et_pb_row_1 et_pb_row et_flex_row\">\n<div class=\"et_pb_column_1 et_pb_column et-last-child et_flex_column et_pb_css_mix_blend_mode_passthrough et_flex_column_24_24 et_flex_column_24_24_tablet et_flex_column_24_24_phone\">\n<div class=\"et_pb_group_0 et_pb_group et-last-child et_pb_module et_flex_group et_pb_css_mix_blend_mode_passthrough\">\n<div class=\"et_pb_code_0 et_pb_code et_pb_module\"><div class=\"et_pb_code_inner\"><div class=\"forminator-ui forminator-custom-form forminator-custom-form-367 forminator-design--default  forminator_ajax\" data-forminator-render=\"0\" data-form=\"forminator-module-367\" data-uid=\"69ec8cd2badbc\"><br\/><\/div><form\n\t\t\t\tid=\"forminator-module-367\"\n\t\t\t\tclass=\"forminator-ui forminator-custom-form forminator-custom-form-367 forminator-design--default  forminator_ajax\"\n\t\t\t\tmethod=\"post\"\n\t\t\t\tdata-forminator-render=\"0\"\n\t\t\t\tdata-form-id=\"367\"\n\t\t\t\t data-color-option=\"theme\" data-design=\"default\" data-grid=\"open\" style=\"display: none;\"\n\t\t\t\tdata-uid=\"69ec8cd2badbc\" action=\"\"\n\t\t\t><div role=\"alert\" aria-live=\"polite\" class=\"forminator-response-message forminator-error\" aria-hidden=\"true\"><\/div><div class=\"forminator-row\"><div id=\"name-1\" class=\"forminator-field-name forminator-col forminator-col-12\"><div class=\"forminator-field\"><label for=\"forminator-field-name-1_69ec8cd2badbc\" id=\"forminator-field-name-1_69ec8cd2badbc-label\" class=\"forminator-label\">Full name <span class=\"forminator-required\">*<\/span><\/label><input type=\"text\" name=\"name-1\" value=\"\" placeholder=\"\" id=\"forminator-field-name-1_69ec8cd2badbc\" class=\"forminator-input forminator-name--field\" aria-required=\"true\" autocomplete=\"name\" \/><\/div><\/div><\/div><div class=\"forminator-row\"><div id=\"phone-1\" class=\"forminator-field-phone forminator-col forminator-col-6\"><div class=\"forminator-field\"><label for=\"forminator-field-phone-1_69ec8cd2badbc\" id=\"forminator-field-phone-1_69ec8cd2badbc-label\" class=\"forminator-label\">Phone <span class=\"forminator-required\">*<\/span><\/label><input type=\"text\" name=\"phone-1\" value=\"\" placeholder=\"\" id=\"forminator-field-phone-1_69ec8cd2badbc\" class=\"forminator-input forminator-field--phone\" data-required=\"1\" aria-required=\"true\" autocomplete=\"off\" \/><\/div><\/div><div id=\"email-1\" class=\"forminator-field-email forminator-col forminator-col-6\"><div class=\"forminator-field\"><label for=\"forminator-field-email-1_69ec8cd2badbc\" id=\"forminator-field-email-1_69ec8cd2badbc-label\" class=\"forminator-label\">Email <span class=\"forminator-required\">*<\/span><\/label><input type=\"email\" name=\"email-1\" value=\"\" placeholder=\"\" id=\"forminator-field-email-1_69ec8cd2badbc\" class=\"forminator-input forminator-email--field\" data-required=\"1\" aria-required=\"true\" autocomplete=\"email\" \/><\/div><\/div><\/div><div class=\"forminator-row\"><div id=\"select-1\" class=\"forminator-field-select forminator-col forminator-col-12\"><div class=\"forminator-field\"><label for=\"forminator-form-367__field--select-1_69ec8cd2badbc\" id=\"forminator-form-367__field--select-1_69ec8cd2badbc-label\" class=\"forminator-label\">Type of appointment <span class=\"forminator-required\">*<\/span><\/label><select  id=\"forminator-form-367__field--select-1_69ec8cd2badbc\" class=\"forminator-select--field forminator-select2 forminator-select2-multiple\" data-required=\"1\" name=\"select-1\" data-default-value=\"\" data-hidden-behavior=\"zero\" data-placeholder=\"Vyberte\" data-search=\"false\" data-search-placeholder=\"Vyberte\" data-checkbox=\"false\" data-allow-clear=\"false\" aria-labelledby=\"forminator-form-367__field--select-1_69ec8cd2badbc-label\"><option value=\"\"  >Select<\/option><option value=\"vstupn\u00e9-neurologick\u00e9-vy\u0161etrenie\"  data-calculation=\"0\">Vstupn\u00e9 neurologick\u00e9 vy\u0161etrenie<\/option><option value=\"Neurologick\u00e1-konzult\u00e1cia\"  data-calculation=\"0\">Neurological consultation<\/option><option value=\"Fyzioterapeutick\u00e9-vy\u0161etrenie\"  data-calculation=\"0\">Physiotherapy examination<\/option><option value=\"Fyzioterapia-(terapia)\"  data-calculation=\"0\">Physiotherapy (therapy)<\/option><option value=\"Kontroln\u00e9-vy\u0161etrenie\"  data-calculation=\"0\">Follow-up examination<\/option><\/select><\/div><\/div><\/div><div class=\"forminator-row\"><div id=\"textarea-1\" class=\"forminator-field-textarea forminator-col forminator-col-12\"><div class=\"forminator-field\"><label for=\"forminator-field-textarea-1_69ec8cd2badbc\" id=\"forminator-field-textarea-1_69ec8cd2badbc-label\" class=\"forminator-label\">Describe your problem<\/label><textarea name=\"textarea-1\" placeholder=\"\" id=\"forminator-field-textarea-1_69ec8cd2badbc\" class=\"forminator-textarea\" rows=\"6\" style=\"min-height:140px;\" ><\/textarea><\/div><\/div><\/div><div class=\"forminator-row\"><div id=\"radio-1\" class=\"forminator-field-radio forminator-col forminator-col-12\"><div role=\"radiogroup\" class=\"forminator-field\" aria-labelledby=\"forminator-radiogroup-radio-1-69ec8cd2badbc-label\"><span id=\"forminator-radiogroup-radio-1-69ec8cd2badbc-label\" class=\"forminator-label\">Are you a new patient? <span class=\"forminator-required\">*<\/span><\/span><label id=\"forminator-field-radio-1-label-1\" for=\"forminator-field-radio-1-1-69ec8cd2badbc\" class=\"forminator-radio forminator-radio-inline\" title=\"Yes\"><input type=\"radio\" name=\"radio-1\" value=\"one\" id=\"forminator-field-radio-1-1-69ec8cd2badbc\" aria-labelledby=\"forminator-field-radio-1-label-1\" data-calculation=\"0\"   data-hidden-behavior=\"zero\"\/><span class=\"forminator-radio-bullet\" aria-hidden=\"true\"><\/span><span class=\"forminator-radio-label\">Yes<\/span><\/label><label id=\"forminator-field-radio-1-label-2\" for=\"forminator-field-radio-1-2-69ec8cd2badbc\" class=\"forminator-radio forminator-radio-inline\" title=\"No\"><input type=\"radio\" name=\"radio-1\" value=\"two\" id=\"forminator-field-radio-1-2-69ec8cd2badbc\" aria-labelledby=\"forminator-field-radio-1-label-2\" data-calculation=\"0\"   data-hidden-behavior=\"zero\"\/><span class=\"forminator-radio-bullet\" aria-hidden=\"true\"><\/span><span class=\"forminator-radio-label\">No<\/span><\/label><\/div><\/div><\/div><div class=\"forminator-row\"><div id=\"checkbox-1\" class=\"forminator-field-checkbox forminator-col forminator-col-12\"><div role=\"group\" class=\"forminator-field required\" aria-labelledby=\"forminator-checkbox-group-forminator-field-checkbox-1-69ec8cd2badbc-label\"><label id=\"forminator-field-checkbox-1-1-69ec8cd2badbc-label\" for=\"forminator-field-checkbox-1-1-69ec8cd2badbc\" class=\"forminator-checkbox\" title=\"I consent to the processing of my personal data for the purpose of scheduling an appointment. Your data will be used solely for contacting you regarding your appointment.\"><input type=\"checkbox\" name=\"checkbox-1[]\" value=\"one\" id=\"forminator-field-checkbox-1-1-69ec8cd2badbc\" aria-labelledby=\"forminator-field-checkbox-1-1-69ec8cd2badbc-label\" data-calculation=\"0\"   data-hidden-behavior=\"zero\"\/><span class=\"forminator-checkbox-box\" aria-hidden=\"true\"><\/span><span class=\"forminator-checkbox-label\">I consent to the processing of my personal data for the purpose of scheduling an appointment. Your data will be used solely for contacting you regarding your appointment.<\/span><\/label><\/div><\/div><\/div><input type=\"hidden\" name=\"referer_url\" value=\"\" \/><div class=\"forminator-row forminator-row-last\"><div class=\"forminator-col\"><div class=\"forminator-field\"><button class=\"forminator-button forminator-button-submit btn_form\">Send request<\/button><\/div><\/div><\/div><input type=\"hidden\" id=\"forminator_nonce\" name=\"forminator_nonce\" value=\"bdb6b827d9\" \/><input type=\"hidden\" name=\"_wp_http_referer\" value=\"\/en\/wp-json\/wp\/v2\/pages\/26\" \/><input type=\"hidden\" name=\"form_id\" value=\"367\"><input type=\"hidden\" name=\"page_id\" value=\"26\"><input type=\"hidden\" name=\"form_type\" value=\"default\"><input type=\"hidden\" name=\"current_url\" value=\"https:\/\/neuro-physio.eu.sk\/en\/objednanie\"><input type=\"hidden\" name=\"render_id\" value=\"0\"><input type=\"hidden\" name=\"action\" value=\"forminator_submit_form_custom-forms\"><label for=\"input_8\" class=\"forminator-hidden\" aria-hidden=\"true\">Please do not fill in this field. <input id=\"input_8\" type=\"text\" name=\"input_8\" value=\"\" autocomplete=\"off\"><\/label><input type=\"hidden\" name=\"trp-form-language\" value=\"en\"\/><\/form><\/div><\/div>\n<\/div>\n<\/div>\n<\/div>\n<\/div>\n\n<div class=\"et_pb_section_2 et_pb_section et_section_regular et_flex_section section_has_divider et_pb_top_divider bodkovane-pozadie-01\"><div class=\"et_pb_top_inside_divider et-no-transition\"><\/div>\n<div class=\"et_pb_row_2 et_pb_row et_flex_row\">\n<div class=\"et_pb_column_2 et_pb_column et-last-child et_flex_column et_pb_css_mix_blend_mode_passthrough et_flex_column_24_24 et_flex_column_24_24_tablet et_flex_column_24_24_phone\">\n<div class=\"et_pb_text_2 et_pb_text et_pb_bg_layout_light et_pb_module et_flex_module\"><div class=\"et_pb_text_inner\"><p>Why us?<\/p>\n<\/div><\/div>\n\n<div class=\"et_pb_text_3 et_pb_text et_pb_bg_layout_light et_pb_module et_flex_module\"><div class=\"et_pb_text_inner\"><h2>Why choose us<\/h2>\n<\/div><\/div>\n<\/div>\n<\/div>\n\n<div class=\"et_pb_row_3 et_pb_row et_flex_row\">\n<div class=\"et_pb_column_3 et_pb_column et-last-child et_flex_column et_pb_css_mix_blend_mode_passthrough et_flex_column_24_24 et_flex_column_24_24_tablet et_flex_column_24_24_phone\">\n<div class=\"et_pb_group_1 et_pb_group et-last-child et_pb_module et_flex_group et_pb_css_mix_blend_mode_passthrough\">\n<ul class=\"et_pb_icon_list_0 et_pb_icon_list et_pb_module et_flex_module\">\n<li class=\"et_pb_icon_list_item_0 et_pb_icon_list_item et_pb_module et_flex_module\"><span class=\"et-pb-icon\">N<\/span><div class=\"et_pb_icon_list_text\">individual approach to the patient<\/div><\/li>\n\n<li class=\"et_pb_icon_list_item_1 et_pb_icon_list_item et_pb_module et_flex_module\"><span class=\"et-pb-icon\">N<\/span><div class=\"et_pb_icon_list_text\">connection of neurology and physiotherapy<\/div><\/li>\n\n<li class=\"et_pb_icon_list_item_2 et_pb_icon_list_item et_pb_module et_flex_module\"><span class=\"et-pb-icon\">N<\/span><div class=\"et_pb_icon_list_text\">comprehensive care under one roof<\/div><\/li>\n\n<li class=\"et_pb_icon_list_item_3 et_pb_icon_list_item et_pb_module et_flex_module\"><span class=\"et-pb-icon\">N<\/span><div class=\"et_pb_icon_list_text\">modern diagnostic and therapeutic methods<\/div><\/li>\n\n<li class=\"et_pb_icon_list_item_4 et_pb_icon_list_item et_pb_module et_flex_module\"><span class=\"et-pb-icon\">N<\/span><div class=\"et_pb_icon_list_text\">emphasis on long-term treatment effects<\/div><\/li>\n\n<li class=\"et_pb_icon_list_item_5 et_pb_icon_list_item et_pb_module et_flex_module\"><span class=\"et-pb-icon\">N<\/span><div class=\"et_pb_icon_list_text\">short waiting times<\/div><\/li>\n\n<li class=\"et_pb_icon_list_item_6 et_pb_icon_list_item et_pb_module et_flex_module\"><span class=\"et-pb-icon\">N<\/span><div class=\"et_pb_icon_list_text\">comfortable and safe environment<\/div><\/li>\n<\/ul>\n<\/div>\n<\/div>\n<\/div>\n\n<div class=\"et_pb_row_4 et_pb_row et_flex_row\">\n<div class=\"et_pb_column_4 et_pb_column et-last-child et_flex_column et_pb_css_mix_blend_mode_passthrough et_flex_column_24_24 et_flex_column_24_24_tablet et_flex_column_24_24_phone\">\n<div class=\"et_pb_module et_pb_button_module_wrapper et_pb_button_0_wrapper\"><a class=\"et_pb_button_0 et_pb_button et_pb_bg_layout_light et_pb_module et_flex_module\" href=\"https:\/\/neuro-physio.eu.sk\/en\/objednanie\" data-icon=\"\uf073\">Book an appointment<\/a><\/div>\n<\/div>\n<\/div>\n<\/div>","protected":false},"excerpt":{"rendered":"","protected":false},"author":1,"featured_media":0,"parent":0,"menu_order":0,"comment_status":"closed","ping_status":"closed","template":"","meta":{"footnotes":""},"class_list":["post-26","page","type-page","status-publish","hentry"],"_links":{"self":[{"href":"https:\/\/neuro-physio.eu.sk\/en\/wp-json\/wp\/v2\/pages\/26","targetHints":{"allow":["GET"]}}],"collection":[{"href":"https:\/\/neuro-physio.eu.sk\/en\/wp-json\/wp\/v2\/pages"}],"about":[{"href":"https:\/\/neuro-physio.eu.sk\/en\/wp-json\/wp\/v2\/types\/page"}],"author":[{"embeddable":true,"href":"https:\/\/neuro-physio.eu.sk\/en\/wp-json\/wp\/v2\/users\/1"}],"replies":[{"embeddable":true,"href":"https:\/\/neuro-physio.eu.sk\/en\/wp-json\/wp\/v2\/comments?post=26"}],"version-history":[{"count":20,"href":"https:\/\/neuro-physio.eu.sk\/en\/wp-json\/wp\/v2\/pages\/26\/revisions"}],"predecessor-version":[{"id":497,"href":"https:\/\/neuro-physio.eu.sk\/en\/wp-json\/wp\/v2\/pages\/26\/revisions\/497"}],"wp:attachment":[{"href":"https:\/\/neuro-physio.eu.sk\/en\/wp-json\/wp\/v2\/media?parent=26"}],"curies":[{"name":"wp","href":"https:\/\/api.w.org\/{rel}","templated":true}]}}