{"id":28,"date":"2026-02-24T13:53:30","date_gmt":"2026-02-24T12:53:30","guid":{"rendered":"https:\/\/neuro-physio.eu.sk\/?page_id=28"},"modified":"2026-03-12T15:53:24","modified_gmt":"2026-03-12T14:53:24","slug":"kontakt","status":"publish","type":"page","link":"https:\/\/neuro-physio.eu.sk\/en\/kontakt","title":{"rendered":"Contact"},"content":{"rendered":"<div class=\"et_pb_section_0 et_pb_section et_section_regular et_flex_section bodkovane-pozadie\">\n<div class=\"et_pb_row_0 et_pb_row et_flex_row\">\n<div class=\"et_pb_column_0 et_pb_column et-last-child et_flex_column et_pb_css_mix_blend_mode_passthrough et_flex_column_24_24 et_flex_column_24_24_tablet et_flex_column_24_24_phone\">\n<div class=\"et_pb_text_0 et_pb_text et_pb_bg_layout_light et_pb_module et_flex_module\"><div class=\"et_pb_text_inner\"><p>We are here for you<\/p>\n<\/div>\n<div class=\"et_pb_text_1 et_pb_text et_pb_bg_layout_light et_pb_module et_flex_module\"><div class=\"et_pb_text_inner\"><h1>Contact<\/h1>\n<\/div><\/div>\n<\/div>\n<\/div>\n<\/div>\n<\/div>\n\n<div class=\"et_pb_section_1 et_pb_section et_section_regular et_flex_section moje-sluzby\">\n<div class=\"et_pb_row_1 et_pb_row et_flex_row\">\n<div class=\"et_pb_column_1 et_pb_column et_flex_column et_pb_css_mix_blend_mode_passthrough et_flex_column_12_24 et_flex_column_12_24_tablet et_flex_column_24_24_phone\">\n<div class=\"et_pb_group_0 et_pb_group et_pb_module et_flex_group et_pb_css_mix_blend_mode_passthrough\">\n<div class=\"et_pb_text_2 et_pb_text et_pb_bg_layout_light et_pb_module et_flex_module\"><div class=\"et_pb_text_inner\"><h2><span>Where to find us<\/span><\/h2>\n<\/div><\/div>\n\n<div class=\"et_pb_blurb_0 et_pb_blurb et_pb_bg_layout_light et_pb_blurb_position_left et_pb_module et_flex_module\"><div class=\"et_pb_blurb_content et_flex_module\"><div class=\"et_pb_main_blurb_image\"><span class=\"et_pb_image_wrap\"><span class=\"et-pb-icon et-waypoint et_pb_animation_top et_pb_animation_top_tablet et_pb_animation_top_phone\">\ue081<\/span><\/span><\/div><div class=\"et_pb_blurb_container\"><div class=\"et_pb_blurb_description\"><p><strong>NEURO-PHYSIO CLINIC<\/strong><\/p>\n<p>Hotel V\u00e1h, Krajinsk\u00e1 cesta 11<br \/>921 01 Pie\u0161\u0165any<\/p>\n<\/div><\/div><\/div><\/div>\n\n<div class=\"et_pb_blurb_1 et_pb_blurb et_pb_bg_layout_light et_pb_blurb_position_left et_pb_module et_flex_module\"><div class=\"et_pb_blurb_content et_flex_module\"><div class=\"et_pb_main_blurb_image\"><span class=\"et_pb_image_wrap\"><span class=\"et-pb-icon et-waypoint et_pb_animation_top et_pb_animation_top_tablet et_pb_animation_top_phone\">\ue090<\/span><\/span><\/div><div class=\"et_pb_blurb_container\"><div class=\"et_pb_blurb_description\"><p><span>+421 XXX XXX XXX<\/span><\/p>\n<\/div><\/div><\/div><\/div>\n\n<div class=\"et_pb_blurb_2 et_pb_blurb et_pb_bg_layout_light et_pb_blurb_position_left et_pb_module et_flex_module\"><div class=\"et_pb_blurb_content et_flex_module\"><div class=\"et_pb_main_blurb_image\"><span class=\"et_pb_image_wrap\"><span class=\"et-pb-icon et-waypoint et_pb_animation_top et_pb_animation_top_tablet et_pb_animation_top_phone\">\uf0e0<\/span><\/span><\/div><div class=\"et_pb_blurb_container\"><div class=\"et_pb_blurb_description\"><p><span>info@neuro-physio.eu<\/span><\/p>\n<\/div><\/div><\/div><\/div>\n<\/div>\n\n<div class=\"et_pb_group_1 et_pb_group et-last-child et_pb_module et_flex_group et_pb_css_mix_blend_mode_passthrough\">\n<div class=\"et_pb_text_3 et_pb_text et_pb_bg_layout_light et_pb_module et_flex_module\"><div class=\"et_pb_text_inner\"><h2><span>Opening hours<\/span><\/h2>\n<\/div><\/div>\n\n<div class=\"et_pb_code_0 et_pb_code et_pb_module\"><div class=\"et_pb_code_inner\"><style>\n  .clinic-hours-wrapper {\n    max-width: 1000px;\n    margin: 0 auto;\n    font-family: inherit; \/* Preberie font z tvojich Divi nastaven\u00ed *\/\n    color: #00234E;\n  }\n  \n  .clinic-hours-title {\n    font-size: 22px;\n    font-weight: 600;\n    margin-bottom: 20px;\n    text-transform: uppercase;\n    color: #2c3e50; \/* Tmav\u00e1 farba pre nadpis, m\u00f4\u017ee\u0161 zmeni\u0165 *\/\n    border-bottom: 2px solid #3498db; \/* Jemn\u00e1 l\u00ednia vo farbe kliniky (modr\u00e1), zme\u0148 pod\u013ea potreby *\/\n    padding-bottom: 10px;\n  }\n\n  .clinic-hours-row {\n    display: flex;\n    justify-content: space-between;\n    padding: 10px 0;\n    border-bottom: 1px solid #eaeaea;\n    align-items: center;\n  }\n\n  .clinic-hours-row:last-of-type {\n    border-bottom: none;\n  }\n\n  .clinic-day {\n    font-weight: 600;\n    flex: 1;\n    min-width: 100px;\n  }\n\n  .clinic-time {\n    display: flex;\n    justify-content: space-between;\n    flex: 2;\n    text-align: right;\n  }\n\n  .time-slot {\n    flex: 1;\n    text-align: center;\n  }\n\n  .clinic-lunch {\n    background-color: #f9f9f9;\n    padding: 15px;\n    border-radius: 5px;\n    margin-top: 15px;\n    display: flex;\n    justify-content: center;\n    align-items: center;\n    font-style: italic;\n    color: 00234E;\n  }\n  \n  .lunch-label {\n    font-weight: 600;\n    margin-right: 15px;\n  }\n\n  \/* Responzivita pre mobily *\/\n  @media (max-width: 480px) {\n    .clinic-hours-row {\n      flex-direction: column;\n      align-items: flex-start;\n    }\n    .clinic-time {\n      width: 100%;\n      justify-content: space-between;\n      margin-top: 5px;\n    }\n    .time-slot {\n      text-align: left;\n    }\n    .time-slot:last-child {\n      text-align: right;\n    }\n  }\n<\/style>\n\n<div class=\"clinic-hours-wrapper\">\n  \n\n  <div class=\"clinic-hours-row\">\n    <div class=\"clinic-day\">Monday<\/div>\n    <div class=\"clinic-time\">\n      <div class=\"time-slot\">08:00 \u2013 12:00<\/div>\n      <div class=\"time-slot\">13:00 \u2013 16:00<\/div>\n    <\/div>\n  <\/div>\n\n  <div class=\"clinic-hours-row\">\n    <div class=\"clinic-day\">Tuesday<\/div>\n    <div class=\"clinic-time\">\n      <div class=\"time-slot\">08:00 \u2013 12:00<\/div>\n      <div class=\"time-slot\">13:00 \u2013 16:00<\/div>\n    <\/div>\n  <\/div>\n\n  <div class=\"clinic-hours-row\">\n    <div class=\"clinic-day\">Wednesday<\/div>\n    <div class=\"clinic-time\">\n      <div class=\"time-slot\">08:00 \u2013 12:00<\/div>\n      <div class=\"time-slot\">13:00 \u2013 16:00<\/div>\n    <\/div>\n  <\/div>\n\n  <div class=\"clinic-hours-row\">\n    <div class=\"clinic-day\">Thursday<\/div>\n    <div class=\"clinic-time\">\n      <div class=\"time-slot\">08:00 \u2013 12:00<\/div>\n      <div class=\"time-slot\">13:00 \u2013 16:00<\/div>\n    <\/div>\n  <\/div>\n\n  <div class=\"clinic-hours-row\">\n    <div class=\"clinic-day\">Friday<\/div>\n    <div class=\"clinic-time\">\n      <div class=\"time-slot\">08:00 \u2013 12:00<\/div>\n      <div class=\"time-slot\">13:00 \u2013 16:00<\/div>\n    <\/div>\n  <\/div>\n\n  <div class=\"clinic-lunch\">\n    <span class=\"lunch-label\">Lunch break<\/span> 12:00 \u2013 13:00\n  <\/div>\n\n<\/div><\/div><\/div>\n<\/div>\n<\/div>\n\n<div class=\"et_pb_column_2 et_pb_column et-last-child et_flex_column et_pb_css_mix_blend_mode_passthrough et_flex_column_12_24 et_flex_column_12_24_tablet et_flex_column_24_24_phone\">\n<div class=\"et_pb_group_2 et_pb_group et_pb_module et_pb_css_mix_blend_mode_passthrough\">\n<div class=\"et_pb_code_1 et_pb_code et_pb_module\"><div class=\"et_pb_code_inner\"><iframe width=\"800\" height=\"750\" style=\"border:0;\" src=\"https:\/\/maps.google.com\/maps?q=Krajinsk%C3%A1%20cesta%2011%2C%20Pie%C5%A1%C5%A5any&t=m&z=15&ie=UTF8&iwloc=&output=embed\" loading=\"lazy\" referrerpolicy=\"no-referrer-when-downgrade\"><\/iframe><\/div><\/div>\n<\/div>\n\n<ul class=\"et_pb_icon_list_0 et_pb_icon_list et_pb_module et_flex_module\">\n<li class=\"et_pb_icon_list_item_0 et_pb_icon_list_item et_pb_module et_flex_module\"><span class=\"et-pb-icon\">\uf540<\/span><div class=\"et_pb_icon_list_text\">Parking (on site or nearby)<\/div><\/li>\n\n<li class=\"et_pb_icon_list_item_1 et_pb_icon_list_item et_pb_module et_flex_module\"><span class=\"et-pb-icon\">\uf193<\/span><div class=\"et_pb_icon_list_text\">Barrier-free access<\/div><\/li>\n\n<li class=\"et_pb_icon_list_item_2 et_pb_icon_list_item et_pb_module et_flex_module\"><span class=\"et-pb-icon\">\uf207<\/span><div class=\"et_pb_icon_list_text\">Public transport accessibility (approx. 50 m, lines 2, 8, 12, 18, 20)<\/div><\/li>\n<\/ul>\n<\/div>\n<\/div>\n<\/div>\n\n<div class=\"et_pb_section_2 et_pb_section et_section_regular et_flex_section section_has_divider et_pb_top_divider bodkovane-pozadie-01\"><div class=\"et_pb_top_inside_divider et-no-transition\"><\/div>\n<div class=\"et_pb_row_2 et_pb_row et_flex_row\">\n<div class=\"et_pb_column_3 et_pb_column et-last-child et_flex_column et_pb_css_mix_blend_mode_passthrough et_flex_column_24_24 et_flex_column_24_24_tablet et_flex_column_24_24_phone\">\n<div class=\"et_pb_text_4 et_pb_text et_pb_bg_layout_light et_pb_module et_flex_module\"><div class=\"et_pb_text_inner\"><p>Why us?<\/p>\n<\/div><\/div>\n\n<div class=\"et_pb_text_5 et_pb_text et_pb_bg_layout_light et_pb_module et_flex_module\"><div class=\"et_pb_text_inner\"><h2>Why choose us<\/h2>\n<\/div><\/div>\n<\/div>\n<\/div>\n\n<div class=\"et_pb_row_3 et_pb_row et_flex_row\">\n<div class=\"et_pb_column_4 et_pb_column et-last-child et_flex_column et_pb_css_mix_blend_mode_passthrough et_flex_column_24_24 et_flex_column_24_24_tablet et_flex_column_24_24_phone\">\n<div class=\"et_pb_group_3 et_pb_group et-last-child et_pb_module et_flex_group et_pb_css_mix_blend_mode_passthrough\">\n<ul class=\"et_pb_icon_list_1 et_pb_icon_list et_pb_module et_flex_module\">\n<li class=\"et_pb_icon_list_item_3 et_pb_icon_list_item et_pb_module et_flex_module\"><span class=\"et-pb-icon\">N<\/span><div class=\"et_pb_icon_list_text\">individual approach to the patient<\/div><\/li>\n\n<li class=\"et_pb_icon_list_item_4 et_pb_icon_list_item et_pb_module et_flex_module\"><span class=\"et-pb-icon\">N<\/span><div class=\"et_pb_icon_list_text\">connection of neurology and physiotherapy<\/div><\/li>\n\n<li class=\"et_pb_icon_list_item_5 et_pb_icon_list_item et_pb_module et_flex_module\"><span class=\"et-pb-icon\">N<\/span><div class=\"et_pb_icon_list_text\">comprehensive care under one roof<\/div><\/li>\n\n<li class=\"et_pb_icon_list_item_6 et_pb_icon_list_item et_pb_module et_flex_module\"><span class=\"et-pb-icon\">N<\/span><div class=\"et_pb_icon_list_text\">modern diagnostic and therapeutic methods<\/div><\/li>\n\n<li class=\"et_pb_icon_list_item_7 et_pb_icon_list_item et_pb_module et_flex_module\"><span class=\"et-pb-icon\">N<\/span><div class=\"et_pb_icon_list_text\">emphasis on long-term treatment effects<\/div><\/li>\n\n<li class=\"et_pb_icon_list_item_8 et_pb_icon_list_item et_pb_module et_flex_module\"><span class=\"et-pb-icon\">N<\/span><div class=\"et_pb_icon_list_text\">short waiting times<\/div><\/li>\n\n<li class=\"et_pb_icon_list_item_9 et_pb_icon_list_item et_pb_module et_flex_module\"><span class=\"et-pb-icon\">N<\/span><div class=\"et_pb_icon_list_text\">comfortable and safe environment<\/div><\/li>\n<\/ul>\n<\/div>\n<\/div>\n<\/div>\n\n<div class=\"et_pb_row_4 et_pb_row et_flex_row\">\n<div class=\"et_pb_column_5 et_pb_column et-last-child et_flex_column et_pb_css_mix_blend_mode_passthrough et_flex_column_24_24 et_flex_column_24_24_tablet et_flex_column_24_24_phone\">\n<div class=\"et_pb_module et_pb_button_module_wrapper et_pb_button_0_wrapper\"><a class=\"et_pb_button_0 et_pb_button et_pb_bg_layout_light et_pb_module et_flex_module\" href=\"https:\/\/neuro-physio.eu.sk\/en\/objednanie\" data-icon=\"\uf073\">Book an appointment<\/a><\/div>\n<\/div>\n<\/div>\n<\/div>","protected":false},"excerpt":{"rendered":"","protected":false},"author":1,"featured_media":0,"parent":0,"menu_order":0,"comment_status":"closed","ping_status":"closed","template":"","meta":{"footnotes":""},"class_list":["post-28","page","type-page","status-publish","hentry"],"_links":{"self":[{"href":"https:\/\/neuro-physio.eu.sk\/en\/wp-json\/wp\/v2\/pages\/28","targetHints":{"allow":["GET"]}}],"collection":[{"href":"https:\/\/neuro-physio.eu.sk\/en\/wp-json\/wp\/v2\/pages"}],"about":[{"href":"https:\/\/neuro-physio.eu.sk\/en\/wp-json\/wp\/v2\/types\/page"}],"author":[{"embeddable":true,"href":"https:\/\/neuro-physio.eu.sk\/en\/wp-json\/wp\/v2\/users\/1"}],"replies":[{"embeddable":true,"href":"https:\/\/neuro-physio.eu.sk\/en\/wp-json\/wp\/v2\/comments?post=28"}],"version-history":[{"count":47,"href":"https:\/\/neuro-physio.eu.sk\/en\/wp-json\/wp\/v2\/pages\/28\/revisions"}],"predecessor-version":[{"id":629,"href":"https:\/\/neuro-physio.eu.sk\/en\/wp-json\/wp\/v2\/pages\/28\/revisions\/629"}],"wp:attachment":[{"href":"https:\/\/neuro-physio.eu.sk\/en\/wp-json\/wp\/v2\/media?parent=28"}],"curies":[{"name":"wp","href":"https:\/\/api.w.org\/{rel}","templated":true}]}}